{"id":28133,"date":"2021-08-07T17:26:24","date_gmt":"2021-08-07T17:26:24","guid":{"rendered":"https:\/\/margot-theatre.it\/school\/?page_id=28133"},"modified":"2024-04-24T15:45:32","modified_gmt":"2024-04-24T15:45:32","slug":"stage-teatrali","status":"publish","type":"page","link":"https:\/\/margot-theatre.it\/school\/stage-teatrali\/","title":{"rendered":"STAGE TEATRALI"},"content":{"rendered":"<p>[et_pb_section fb_built=&#8221;1&#8243; _builder_version=&#8221;4.16&#8243; _module_preset=&#8221;default&#8221; background_color=&#8221;#790E17&#8243; bottom_divider_style=&#8221;asymmetric2&#8243; bottom_divider_color=&#8221;#FFFFFF&#8221; bottom_divider_height=&#8221;10%&#8221; bottom_divider_height_tablet=&#8221;5%&#8221; bottom_divider_height_phone=&#8221;&#8221; bottom_divider_height_last_edited=&#8221;on|phone&#8221; global_colors_info=&#8221;{}&#8221;][et_pb_row _builder_version=&#8221;4.16&#8243; _module_preset=&#8221;default&#8221; max_width=&#8221;100%&#8221; global_colors_info=&#8221;{}&#8221;][et_pb_column type=&#8221;4_4&#8243; _builder_version=&#8221;4.16&#8243; _module_preset=&#8221;default&#8221; global_colors_info=&#8221;{}&#8221;][dipl_text_highlighter highlighter_content=&#8221;STAGE TEATRALI&#8221; svg_color=&#8221;#D37B00&#8243; stroke_width=&#8221;1.7&#8243; _builder_version=&#8221;4.16&#8243; _module_preset=&#8221;default&#8221; global_title_level=&#8221;h1&#8243; global_body_font=&#8221;|800|||||||&#8221; global_body_text_align=&#8221;center&#8221; global_body_text_color=&#8221;#FFFFFF&#8221; global_body_font_size=&#8221;48px&#8221; custom_padding=&#8221;||44px|||&#8221; global_body_font_size_tablet=&#8221;&#8221; global_body_font_size_phone=&#8221;26px&#8221; global_body_font_size_last_edited=&#8221;on|desktop&#8221; global_colors_info=&#8221;{}&#8221;][\/dipl_text_highlighter][\/et_pb_column][\/et_pb_row][et_pb_row column_structure=&#8221;1_2,1_2&#8243; _builder_version=&#8221;4.16&#8243; _module_preset=&#8221;default&#8221; global_colors_info=&#8221;{}&#8221;][et_pb_column type=&#8221;1_2&#8243; _builder_version=&#8221;4.16&#8243; _module_preset=&#8221;default&#8221; global_colors_info=&#8221;{}&#8221;][et_pb_text _builder_version=&#8221;4.16&#8243; _module_preset=&#8221;default&#8221; background_layout=&#8221;dark&#8221; global_colors_info=&#8221;{}&#8221;]<\/p>\n<p><strong>Cosa sono gli Stage Teatrali Estivi?<\/strong> Un\u2019esperienza formativa umana, fisica e sensoriale: 4 giorni di attivit\u00e0 teatrali, immersi nella natura e nel suo costante fluire.<\/p>\n<p>I partecipanti avranno la possibilit\u00e0 di esprimersi e di sperimentarsi, attraverso <strong>attivit\u00e0 artistiche <\/strong>e <strong>atletico-sportive<\/strong>, avvicinandosi al lavoro di squadra e all\u2019incontro con la natura nel modo in cui essi si legano alla ricerca artistica.<\/p>\n<p>[\/et_pb_text][\/et_pb_column][et_pb_column type=&#8221;1_2&#8243; _builder_version=&#8221;4.16&#8243; _module_preset=&#8221;default&#8221; global_colors_info=&#8221;{}&#8221;][et_pb_text _builder_version=&#8221;4.16&#8243; _module_preset=&#8221;default&#8221; background_layout=&#8221;dark&#8221; global_colors_info=&#8221;{}&#8221;]<\/p>\n<p>L\u2019alternarsi del training fisico all\u2019attivit\u00e0 artistica d\u00e0 vita ad un percorso pedagogico di <strong>alta formazione <\/strong>per i partecipanti, che acquisiranno competenze e consapevolezza. Controllo del corpo, capacit\u00e0 di adattarsi alle situazioni, mantenimento di un obiettivo costante: sono le <strong>abilit\u00e0 <\/strong>necessarie sia all\u2019attore sia a chi semplicemente aspira a una maggiore sicurezza e <strong>capacit\u00e0 di relazione<\/strong>.<\/p>\n<p>[\/et_pb_text][et_pb_button button_url=&#8221;https:\/\/margot-theatre.it\/wp-content\/uploads\/2024\/04\/Iscrizione_Stage-Estivi_Margot-Acting-School.pdf&#8221; url_new_window=&#8221;on&#8221; button_text=&#8221;MODULO DI ISCRIZIONE&#8221; button_alignment=&#8221;left&#8221; button_alignment_tablet=&#8221;center&#8221; button_alignment_phone=&#8221;center&#8221; button_alignment_last_edited=&#8221;on|desktop&#8221; _builder_version=&#8221;4.25.0&#8243; _module_preset=&#8221;default&#8221; global_colors_info=&#8221;{}&#8221;][\/et_pb_button][\/et_pb_column][\/et_pb_row][\/et_pb_section][et_pb_section fb_built=&#8221;1&#8243; _builder_version=&#8221;4.16&#8243; _module_preset=&#8221;default&#8221; custom_padding=&#8221;||28px|||&#8221; global_colors_info=&#8221;{}&#8221;][et_pb_row _builder_version=&#8221;4.16&#8243; _module_preset=&#8221;default&#8221; global_colors_info=&#8221;{}&#8221;][et_pb_column type=&#8221;4_4&#8243; _builder_version=&#8221;4.16&#8243; _module_preset=&#8221;default&#8221; global_colors_info=&#8221;{}&#8221;][et_pb_video src=&#8221;https:\/\/youtu.be\/or-hvNdw_xc&#8221; image_src=&#8221;\/\/i.ytimg.com\/vi\/or-hvNdw_xc\/hqdefault.jpg&#8221; _builder_version=&#8221;4.16&#8243; _module_preset=&#8221;default&#8221; width=&#8221;100%&#8221; module_alignment=&#8221;center&#8221; border_width_all=&#8221;10px&#8221; border_color_all=&#8221;#D37B00&#8243; border_width_all_tablet=&#8221;&#8221; border_width_all_phone=&#8221;3px&#8221; border_width_all_last_edited=&#8221;on|desktop&#8221; box_shadow_style=&#8221;preset2&#8243; box_shadow_horizontal=&#8221;14px&#8221; box_shadow_vertical=&#8221;9px&#8221; box_shadow_spread=&#8221;3px&#8221; box_shadow_color=&#8221;rgba(10,10,10,0.58)&#8221; global_colors_info=&#8221;{}&#8221;][\/et_pb_video][\/et_pb_column][\/et_pb_row][et_pb_row column_structure=&#8221;1_2,1_2&#8243; _builder_version=&#8221;4.16&#8243; _module_preset=&#8221;default&#8221; locked=&#8221;off&#8221; global_colors_info=&#8221;{}&#8221;][et_pb_column type=&#8221;1_2&#8243; _builder_version=&#8221;4.16&#8243; _module_preset=&#8221;default&#8221; global_colors_info=&#8221;{}&#8221;][et_pb_text _builder_version=&#8221;4.16&#8243; _module_preset=&#8221;default&#8221; text_line_height=&#8221;1.6em&#8221; global_colors_info=&#8221;{}&#8221;]<\/p>\n<p><strong>Gli obiettivi: oltre i propri limiti <\/strong><\/p>\n<p>La riscoperta della natura porter\u00e0 il corpo a sporcarsi, stancarsi, sperimentare. Questo indurr\u00e0 i partecipanti ad affrontare la <strong>difficolt\u00e0 <\/strong>e reagire con <strong>coraggio <\/strong>di fronte alle situazioni. Affrontare la <strong>paura <\/strong>e la fatica mettendosi in gioco, condurr\u00e0 ad una nuova <strong>consapevolezza <\/strong>sui propri sensi, e ad un modo diverso di sentire. Risolvere situazioni critiche senza l\u2019uso della <strong>tecnologia<\/strong>, ma attraverso le proprie capacit\u00e0 fisiche e intellettuali, sar\u00e0 la chiave per un nuovo stimolo al processo creativo, al <strong>problem solving<\/strong>, allo sviluppo dell\u2019immaginazione.<\/p>\n<p><strong>Attivit\u00e0 Artistiche<\/strong><\/p>\n<ul>\n<li>Recitazione<\/li>\n<li>Sperimentazione vocale<\/li>\n<li>Improvvisazione guidata<\/li>\n<li>Movimento scenico<\/li>\n<li>Performance Teatrali<\/li>\n<\/ul>\n<p>[\/et_pb_text][\/et_pb_column][et_pb_column type=&#8221;1_2&#8243; _builder_version=&#8221;4.16&#8243; _module_preset=&#8221;default&#8221; global_colors_info=&#8221;{}&#8221;][et_pb_text _builder_version=&#8221;4.16&#8243; _module_preset=&#8221;default&#8221; text_line_height=&#8221;1.6em&#8221; global_colors_info=&#8221;{}&#8221;]<\/p>\n<p><strong>Training Fisico &#8211; Esercizi fisici nella natura per sviluppare:<\/strong><\/p>\n<ul>\n<li>Resistenza<\/li>\n<li>Equilibrio<\/li>\n<li>Coordinazione<\/li>\n<li>Ritmo<\/li>\n<\/ul>\n<p>La natura, percepita come uno spazio fisico lontano ed estraneo, stimola l\u2019immaginazione e la curiosit\u00e0, lasciando cadere le inibizioni. Riuscire a creare un\u2019armonia attraverso la ricerca artistica, il lavoro di gruppo e lo sforzo fisico abbina la formazione con il divertimento e l\u2019avventura.<\/p>\n<p>[\/et_pb_text][\/et_pb_column][\/et_pb_row][\/et_pb_section][et_pb_section fb_built=&#8221;1&#8243; _builder_version=&#8221;4.16&#8243; _module_preset=&#8221;default&#8221; custom_padding=&#8221;16px|||||&#8221; global_colors_info=&#8221;{}&#8221;][et_pb_row _builder_version=&#8221;4.16&#8243; _module_preset=&#8221;default&#8221; custom_padding=&#8221;12px|||||&#8221; global_colors_info=&#8221;{}&#8221;][et_pb_column type=&#8221;4_4&#8243; _builder_version=&#8221;4.16&#8243; _module_preset=&#8221;default&#8221; global_colors_info=&#8221;{}&#8221;][dipl_text_highlighter highlighter_content=&#8221;Galleria Fotografica &#8221; svg_color=&#8221;#D37B00&#8243; stroke_width=&#8221;1.6&#8243; _builder_version=&#8221;4.16&#8243; _module_preset=&#8221;default&#8221; global_title_level=&#8221;h3&#8243; global_title_font=&#8221;|800|||||||&#8221; global_title_text_align=&#8221;center&#8221; global_title_font_size=&#8221;32px&#8221; main_title_font_size=&#8221;22px&#8221; global_body_font=&#8221;|800|||||||&#8221; global_body_text_align=&#8221;center&#8221; global_body_text_color=&#8221;#790E17&#8243; global_body_font_size=&#8221;45px&#8221; global_title_font_size_tablet=&#8221;30px&#8221; global_title_font_size_phone=&#8221;22px&#8221; global_title_font_size_last_edited=&#8221;on|phone&#8221; global_body_font_size_tablet=&#8221;35px&#8221; global_body_font_size_phone=&#8221;29px&#8221; global_body_font_size_last_edited=&#8221;on|phone&#8221; locked=&#8221;off&#8221; global_colors_info=&#8221;{}&#8221;][\/dipl_text_highlighter][dipl_masonry_gallery image_ids=&#8221;28135,28136,28137,28138,28139,28140,28141,28142&#8243; column_spacing=&#8221;10px&#8221; enable_lightbox=&#8221;on&#8221; enable_overlay=&#8221;on&#8221; overlay_icon=&#8221;&#x31;||divi||400&#8243; overlay_icon_color=&#8221;#D37B00&#8243; overlay_color=&#8221;rgba(10,10,10,0.3)&#8221; number_of_columns_tablet=&#8221;2&#8243; number_of_columns_phone=&#8221;2&#8243; number_of_columns_last_edited=&#8221;on|desktop&#8221; _builder_version=&#8221;4.16&#8243; _module_preset=&#8221;default&#8221; border_radii_image=&#8221;on|10px|10px|10px|10px&#8221; border_radii_image_tablet=&#8221;&#8221; border_radii_image_phone=&#8221;&#8221; border_radii_image_last_edited=&#8221;on|phone&#8221; global_colors_info=&#8221;{}&#8221;][\/dipl_masonry_gallery][\/et_pb_column][\/et_pb_row][\/et_pb_section][et_pb_section fb_built=&#8221;1&#8243; _builder_version=&#8221;4.7.1&#8243; _module_preset=&#8221;default&#8221; background_color=&#8221;#790E17&#8243; custom_padding=&#8221;32px|||||&#8221; bottom_divider_style=&#8221;asymmetric2&#8243; bottom_divider_color=&#8221;#FFFFFF&#8221; bottom_divider_height=&#8221;10%&#8221; bottom_divider_height_tablet=&#8221;5%&#8221; bottom_divider_height_phone=&#8221;&#8221; bottom_divider_height_last_edited=&#8221;on|phone&#8221; global_module=&#8221;28429&#8243; locked=&#8221;off&#8221; global_colors_info=&#8221;{}&#8221;][et_pb_row _builder_version=&#8221;4.16&#8243; _module_preset=&#8221;default&#8221; global_colors_info=&#8221;{}&#8221;][et_pb_column type=&#8221;4_4&#8243; _builder_version=&#8221;4.16&#8243; _module_preset=&#8221;default&#8221; global_colors_info=&#8221;{}&#8221;][dipl_double_color_heading heading_pre_part=&#8221;margot theatre&#8221; pre_part_text_background=&#8221;on&#8221; pre_background_color=&#8221;#D37B00&#8243; pre_part_custom_padding=&#8221;3px|10px|3px|10px|false|false&#8221; _builder_version=&#8221;4.16&#8243; _module_preset=&#8221;default&#8221; global_heading_settings_text_align=&#8221;center&#8221; pre_header_font=&#8221;|700||on|||||&#8221; pre_header_text_color=&#8221;#ffffff&#8221; pre_header_font_size=&#8221;18px&#8221; pre_header_letter_spacing=&#8221;2px&#8221; custom_margin=&#8221;||0px||false|false&#8221; custom_padding=&#8221;||||false|false&#8221; global_colors_info=&#8221;{}&#8221; border_radii__hover_enabled=&#8221;on|desktop&#8221;][\/dipl_double_color_heading][dipl_double_color_heading heading_pre_part=&#8221;CORSI&#8221; heading_main_part=&#8221;di Teatro&#8221; _builder_version=&#8221;4.16&#8243; _module_preset=&#8221;default&#8221; global_heading_settings_text_align=&#8221;center&#8221; pre_header_font=&#8221;|900|||||||&#8221; pre_header_text_color=&#8221;#FFFFFF&#8221; pre_header_font_size=&#8221;50px&#8221; pre_header_line_height=&#8221;1.4em&#8221; main_header_font=&#8221;|900|||||||&#8221; main_header_text_color=&#8221;#D37B00&#8243; main_header_font_size=&#8221;50px&#8221; main_header_line_height=&#8221;1.3em&#8221; post_header_font=&#8221;Roboto|900|||||||&#8221; post_header_text_color=&#8221;#241e5e&#8221; post_header_font_size=&#8221;50px&#8221; post_header_line_height=&#8221;1.4em&#8221; pre_header_font_size_tablet=&#8221;40px&#8221; pre_header_font_size_phone=&#8221;30px&#8221; pre_header_font_size_last_edited=&#8221;on|phone&#8221; main_header_font_size_tablet=&#8221;40px&#8221; main_header_font_size_phone=&#8221;30px&#8221; main_header_font_size_last_edited=&#8221;on|phone&#8221; post_header_font_size_tablet=&#8221;40px&#8221; post_header_font_size_phone=&#8221;30px&#8221; post_header_font_size_last_edited=&#8221;on|phone&#8221; locked=&#8221;off&#8221; global_colors_info=&#8221;{}&#8221;][\/dipl_double_color_heading][et_pb_text _builder_version=&#8221;4.16&#8243; _module_preset=&#8221;default&#8221; text_font=&#8221;|700|||||||&#8221; text_text_color=&#8221;#FFFFFF&#8221; header_2_text_color=&#8221;#FFFFFF&#8221; header_3_font=&#8221;|||on|||||&#8221; header_3_text_color=&#8221;#FFFFFF&#8221; text_orientation=&#8221;center&#8221; header_3_font_size_tablet=&#8221;18px&#8221; header_3_font_size_phone=&#8221;&#8221; header_3_font_size_last_edited=&#8221;on|phone&#8221; text_orientation_tablet=&#8221;left&#8221; text_orientation_phone=&#8221;&#8221; text_orientation_last_edited=&#8221;on|phone&#8221; global_colors_info=&#8221;{}&#8221;]<\/p>\n<h3>La nostra formazione si articola attraverso:<\/h3>\n<ul>\n<li>\n<p>Corsi di teatro di alta formazione divisi per et\u00e0 ed esperienza di lavoro.<\/p>\n<\/li>\n<li>\n<p>Stage di allenamento teatrale immersi nella natura.<\/p>\n<\/li>\n<li>\n<p>Workshop di studio e approfondimento su diverse discipline.<\/p>\n<\/li>\n<\/ul>\n<p>[\/et_pb_text][\/et_pb_column][\/et_pb_row][et_pb_row _builder_version=&#8221;4.16&#8243; _module_preset=&#8221;default&#8221; max_width=&#8221;100%&#8221; custom_padding=&#8221;4px|||||&#8221; global_colors_info=&#8221;{}&#8221;][et_pb_column type=&#8221;4_4&#8243; _builder_version=&#8221;4.16&#8243; _module_preset=&#8221;default&#8221; global_colors_info=&#8221;{}&#8221;][dipl_blog_slider slider_layout=&#8221;layout3&#8243; include_categories=&#8221;2&#8243; excerpt_length=&#8221;0&#8243; show_author=&#8221;off&#8221; show_date=&#8221;off&#8221; show_categories=&#8221;off&#8221; show_comments=&#8221;off&#8221; read_more_text=&#8221;Scopri di pi\u00f9&#8221; post_content_wrapper_background_color=&#8221;rgba(255,255,255,0.7)&#8221; post_content_wrapper_custom_margin=&#8221;||||false|false&#8221; post_content_wrapper_custom_padding=&#8221;30px||30px||false|false&#8221; show_control_dot=&#8221;off&#8221; arrows_custom_padding=&#8221;5px|5px|5px|5px|true|true&#8221; arrow_font_size=&#8221;30px&#8221; arrow_color=&#8221;#ffffff&#8221; use_arrow_background=&#8221;on&#8221; arrow_background_color=&#8221;#D37B00&#8243; arrow_shape_border_color=&#8221;#000000&#8243; post_per_slide_tablet=&#8221;2&#8243; post_per_slide_phone=&#8221;1&#8243; post_per_slide_last_edited=&#8221;on|phone&#8221; slides_per_group_tablet=&#8221;&#8221; slides_per_group_phone=&#8221;&#8221; slides_per_group_last_edited=&#8221;on|phone&#8221; module_class=&#8221;dp-blog-slider02&#8243; _builder_version=&#8221;4.16&#8243; _module_preset=&#8221;default&#8221; title_font=&#8221;|||on|||||&#8221; title_text_align=&#8221;center&#8221; title_text_color=&#8221;#790E17&#8243; title_font_size=&#8221;22px&#8221; title_line_height=&#8221;1.3em&#8221; body_font=&#8221;Lora||||||||&#8221; body_text_color=&#8221;#000000&#8243; meta_font=&#8221;Baloo 2||||||||&#8221; meta_text_align=&#8221;center&#8221; meta_text_color=&#8221;#000000&#8243; background_enable_color=&#8221;off&#8221; custom_read_more=&#8221;on&#8221; read_more_text_size=&#8221;14px&#8221; read_more_text_color=&#8221;#FFFFFF&#8221; read_more_bg_color=&#8221;#790E17&#8243; read_more_border_width=&#8221;0px&#8221; read_more_border_radius=&#8221;30px&#8221; read_more_letter_spacing=&#8221;3px&#8221; read_more_font=&#8221;|600|||||||&#8221; read_more_use_icon=&#8221;off&#8221; read_more_alignment=&#8221;center&#8221; read_more_custom_margin=&#8221;20px||||false|false&#8221; read_more_custom_padding=&#8221;10px|20px|10px|20px|true|true&#8221; read_more_custom_padding_phone=&#8221;10px|20px|10px|20px|true|true&#8221; read_more_custom_padding_last_edited=&#8221;off|desktop&#8221; custom_margin=&#8221;15px|||||&#8221; custom_padding=&#8221;5px||35px||false|&#8221; title_font_size_tablet=&#8221;&#8221; title_font_size_phone=&#8221;14px&#8221; title_font_size_last_edited=&#8221;on|phone&#8221; meta_font_size_tablet=&#8221;&#8221; meta_font_size_phone=&#8221;10px&#8221; meta_font_size_last_edited=&#8221;on|phone&#8221; read_more_text_size_tablet=&#8221;&#8221; read_more_text_size_phone=&#8221;10px&#8221; read_more_text_size_last_edited=&#8221;on|phone&#8221; border_radii_last_edited=&#8221;off|desktop&#8221; locked=&#8221;off&#8221; global_colors_info=&#8221;{}&#8221; border_radii__hover_enabled=&#8221;off|desktop&#8221; read_more_bg_color__hover_enabled=&#8221;on|hover&#8221; read_more_bg_color__hover=&#8221;#727272&#8243; read_more_bg_enable_color__hover=&#8221;on&#8221; read_more_text_color__hover_enabled=&#8221;on|hover&#8221; read_more_text_color__hover=&#8221;#D37B00&#8243;][\/dipl_blog_slider][\/et_pb_column][\/et_pb_row][\/et_pb_section]<\/p>\n","protected":false},"excerpt":{"rendered":"<p><div class=\"et_pb_module dipl_text_highlighter dipl_text_highlighter_0\">\n\t\t\t\t\n\t\t\t\t\n\t\t\t\t\n\t\t\t\t\n\t\t\t\t\n\t\t\t\t\n\t\t\t\t<div class=\"et_pb_module_inner\">\n\t\t\t\t\t<div class=\"dipl_text_highlighter_wrapper dipl_highlighter_text dipl_highlight_zigzag \"><span class=\"dipl_text_highlighter_inner_wrapper\"><span class=\"dipl_text_highlighted_content\">STAGE TEATRALI<\/span><?xml version=\"1.0\" encoding=\"utf-8\"?><!-- Generator: Adobe Illustrator 24.3.0, SVG Export Plug-In . SVG Version: 6.00 Build 0)  --><svg version=\"1.1\" xmlns=\"http:\/\/www.w3.org\/2000\/svg\" xmlns:xlink=\"http:\/\/www.w3.org\/1999\/xlink\" x=\"0px\" y=\"0px\" viewBox=\"0 0 175.3 17.9\" style=\"enable-background:new 0 0 175.3 17.9;\" xml:space=\"preserve\"><style type=\"text\/css\">.st0{fill:none;stroke:#231F20;stroke-width:2.5;stroke-linecap:round;stroke-linejoin:round;}<\/style><path class=\"st0\" d=\"M4,9.3c0,0,106.8-8.9,167.2-1.9c0,0-91.1-0.4-114.6,3.8c0,0,37-1.7,55.2,1.9\"\/><\/svg><\/span><\/div>\n\t\t\t\t<\/div>\n\t\t\t<\/div>Cosa sono gli Stage Teatrali Estivi? Un\u2019esperienza formativa umana, fisica e sensoriale: 4 giorni di attivit\u00e0 teatrali, immersi nella natura e nel suo costante fluire. I partecipanti avranno la possibilit\u00e0 di esprimersi e di sperimentarsi, attraverso attivit\u00e0 artistiche e [&hellip;]<\/p>\n","protected":false},"author":1,"featured_media":28139,"parent":0,"menu_order":0,"comment_status":"closed","ping_status":"closed","template":"","meta":{"_et_pb_use_builder":"on","_et_pb_old_content":"","_et_gb_content_width":"","footnotes":""},"class_list":["post-28133","page","type-page","status-publish","has-post-thumbnail","hentry"],"_links":{"self":[{"href":"https:\/\/margot-theatre.it\/school\/wp-json\/wp\/v2\/pages\/28133","targetHints":{"allow":["GET"]}}],"collection":[{"href":"https:\/\/margot-theatre.it\/school\/wp-json\/wp\/v2\/pages"}],"about":[{"href":"https:\/\/margot-theatre.it\/school\/wp-json\/wp\/v2\/types\/page"}],"author":[{"embeddable":true,"href":"https:\/\/margot-theatre.it\/school\/wp-json\/wp\/v2\/users\/1"}],"replies":[{"embeddable":true,"href":"https:\/\/margot-theatre.it\/school\/wp-json\/wp\/v2\/comments?post=28133"}],"version-history":[{"count":13,"href":"https:\/\/margot-theatre.it\/school\/wp-json\/wp\/v2\/pages\/28133\/revisions"}],"predecessor-version":[{"id":28631,"href":"https:\/\/margot-theatre.it\/school\/wp-json\/wp\/v2\/pages\/28133\/revisions\/28631"}],"wp:featuredmedia":[{"embeddable":true,"href":"https:\/\/margot-theatre.it\/school\/wp-json\/wp\/v2\/media\/28139"}],"wp:attachment":[{"href":"https:\/\/margot-theatre.it\/school\/wp-json\/wp\/v2\/media?parent=28133"}],"curies":[{"name":"wp","href":"https:\/\/api.w.org\/{rel}","templated":true}]}}